{"id":8637,"date":"2024-10-27T12:14:20","date_gmt":"2024-10-27T11:14:20","guid":{"rendered":"https:\/\/www.meta-entreprise.org\/metaentreprise2\/?page_id=8637"},"modified":"2025-05-08T09:04:06","modified_gmt":"2025-05-08T08:04:06","slug":"ethique","status":"publish","type":"page","link":"https:\/\/www.meta-entreprise.org\/en\/ethique\/","title":{"rendered":"Ethics"},"content":{"rendered":"<div data-elementor-type=\"wp-page\" data-elementor-id=\"8637\" class=\"elementor elementor-8637\">\n\t\t\t\t\t\t<section class=\"elementor-section elementor-top-section elementor-element elementor-element-b6eaba8 elementor-section-boxed elementor-section-height-default elementor-section-height-default\" data-id=\"b6eaba8\" data-element_type=\"section\">\n\t\t\t\t\t\t\t<div class=\"elementor-background-overlay\"><\/div>\n\t\t\t\t\t\t\t<div class=\"elementor-container elementor-column-gap-default\">\n\t\t\t\t\t<div class=\"elementor-column elementor-col-100 elementor-top-column elementor-element elementor-element-abe4a5c\" data-id=\"abe4a5c\" data-element_type=\"column\">\n\t\t\t<div class=\"elementor-widget-wrap elementor-element-populated\">\n\t\t\t\t\t\t<div class=\"elementor-element elementor-element-69e49a0 elementor-widget elementor-widget-spacer\" data-id=\"69e49a0\" data-element_type=\"widget\" data-widget_type=\"spacer.default\">\n\t\t\t\t<div class=\"elementor-widget-container\">\n\t\t\t\t\t\t\t<div class=\"elementor-spacer\">\n\t\t\t<div class=\"elementor-spacer-inner\"><\/div>\n\t\t<\/div>\n\t\t\t\t\t\t<\/div>\n\t\t\t\t<\/div>\n\t\t\t\t<div class=\"elementor-element elementor-element-cb84583 elementor-widget elementor-widget-image\" data-id=\"cb84583\" data-element_type=\"widget\" data-widget_type=\"image.default\">\n\t\t\t\t<div class=\"elementor-widget-container\">\n\t\t\t\t\t\t\t\t\t\t\t\t\t\t\t<img fetchpriority=\"high\" decoding=\"async\" width=\"2923\" height=\"409\" src=\"https:\/\/www.meta-entreprise.org\/wp-content\/uploads\/2025\/02\/Ethique_Titre_english.png\" class=\"attachment-full size-full wp-image-9332\" alt=\"\" srcset=\"https:\/\/www.meta-entreprise.org\/wp-content\/uploads\/2025\/02\/Ethique_Titre_english.png 1576w, https:\/\/www.meta-entreprise.org\/wp-content\/uploads\/2025\/02\/Ethique_Titre_english-300x44.png 300w, https:\/\/www.meta-entreprise.org\/wp-content\/uploads\/2025\/02\/Ethique_Titre_english-1024x149.png 1024w, https:\/\/www.meta-entreprise.org\/wp-content\/uploads\/2025\/02\/Ethique_Titre_english-768x112.png 768w, https:\/\/www.meta-entreprise.org\/wp-content\/uploads\/2025\/02\/Ethique_Titre_english-1536x223.png 1536w, https:\/\/www.meta-entreprise.org\/wp-content\/uploads\/2025\/02\/Ethique_Titre_english-18x3.png 18w, https:\/\/www.meta-entreprise.org\/wp-content\/uploads\/2025\/02\/Ethique_Titre_english-200x29.png 200w\" sizes=\"(max-width: 2923px) 100vw, 2923px\" \/>\t\t\t\t\t\t\t\t\t\t\t\t\t\t\t<\/div>\n\t\t\t\t<\/div>\n\t\t\t\t<section class=\"elementor-section elementor-inner-section elementor-element elementor-element-266893b elementor-section-boxed elementor-section-height-default elementor-section-height-default\" data-id=\"266893b\" data-element_type=\"section\">\n\t\t\t\t\t\t<div class=\"elementor-container elementor-column-gap-default\">\n\t\t\t\t\t<div class=\"elementor-column elementor-col-100 elementor-inner-column elementor-element elementor-element-72011c5\" data-id=\"72011c5\" data-element_type=\"column\">\n\t\t\t<div class=\"elementor-widget-wrap elementor-element-populated\">\n\t\t\t\t\t\t<div class=\"elementor-element elementor-element-c653732 elementor-widget elementor-widget-text-editor\" data-id=\"c653732\" data-element_type=\"widget\" data-widget_type=\"text-editor.default\">\n\t\t\t\t<div class=\"elementor-widget-container\">\n\t\t\t\t\t\t\t\t\t<p>Our life is intimately linked to our behaviors, our thoughts, our awareness and our actions.<\/p>\t\t\t\t\t\t\t\t<\/div>\n\t\t\t\t<\/div>\n\t\t\t\t\t<\/div>\n\t\t<\/div>\n\t\t\t\t\t<\/div>\n\t\t<\/section>\n\t\t\t\t<section class=\"elementor-section elementor-inner-section elementor-element elementor-element-eeaa12b elementor-section-boxed elementor-section-height-default elementor-section-height-default\" data-id=\"eeaa12b\" data-element_type=\"section\">\n\t\t\t\t\t\t<div class=\"elementor-container elementor-column-gap-default\">\n\t\t\t\t\t<div class=\"elementor-column elementor-col-100 elementor-inner-column elementor-element elementor-element-a2a6731\" data-id=\"a2a6731\" data-element_type=\"column\">\n\t\t\t<div class=\"elementor-widget-wrap elementor-element-populated\">\n\t\t\t\t\t\t<div class=\"elementor-element elementor-element-cbfacb0 elementor-widget elementor-widget-text-editor\" data-id=\"cbfacb0\" data-element_type=\"widget\" data-widget_type=\"text-editor.default\">\n\t\t\t\t<div class=\"elementor-widget-container\">\n\t\t\t\t\t\t\t\t\t<p>This is why Meta Business Ethics\u00ae brings together deeply inhabited human values, the result of conscious work on who we are and what we do. Each individual being unique, the objective is not to know \"how to do\" but to find \"how to be\" and this intention makes all the difference.<\/p>\t\t\t\t\t\t\t\t<\/div>\n\t\t\t\t<\/div>\n\t\t\t\t<div class=\"elementor-element elementor-element-462a7e5 elementor-widget elementor-widget-text-editor\" data-id=\"462a7e5\" data-element_type=\"widget\" data-widget_type=\"text-editor.default\">\n\t\t\t\t<div class=\"elementor-widget-container\">\n\t\t\t\t\t\t\t\t\t<p>The foundations of our commitment to beings in the professional environment are demonstrated by values of honesty, respect, acceptance, responsibility, bringing joy and coherence. Listening to others beyond their function and role,  in <em>who they are<\/em>, is a vector of a serene and fruitful collaboration.<\/p>\t\t\t\t\t\t\t\t<\/div>\n\t\t\t\t<\/div>\n\t\t\t\t<div class=\"elementor-element elementor-element-8ea6a80 elementor-widget elementor-widget-text-editor\" data-id=\"8ea6a80\" data-element_type=\"widget\" data-widget_type=\"text-editor.default\">\n\t\t\t\t<div class=\"elementor-widget-container\">\n\t\t\t\t\t\t\t\t\tThe process of individual and collective introspection proposed by the Meta Enterprise\u00ae allows everyone to free their creativity and live their originality. In a newfound confidence, the Being in this stability can bring much more than skills or years of experience. It can thus contribute to building a true collective serving a common goal.\t\t\t\t\t\t\t\t<\/div>\n\t\t\t\t<\/div>\n\t\t\t\t\t<\/div>\n\t\t<\/div>\n\t\t\t\t\t<\/div>\n\t\t<\/section>\n\t\t\t\t\t<\/div>\n\t\t<\/div>\n\t\t\t\t\t<\/div>\n\t\t<\/section>\n\t\t\t\t<section class=\"elementor-section elementor-top-section elementor-element elementor-element-b417b50 elementor-section-stretched elementor-section-boxed elementor-section-height-default elementor-section-height-default\" data-id=\"b417b50\" data-element_type=\"section\" data-settings=\"{&quot;stretch_section&quot;:&quot;section-stretched&quot;,&quot;background_background&quot;:&quot;classic&quot;,&quot;shape_divider_top&quot;:&quot;mountains&quot;}\">\n\t\t\t\t\t<div class=\"elementor-shape elementor-shape-top\" aria-hidden=\"true\" data-negative=\"false\">\n\t\t\t<svg xmlns=\"http:\/\/www.w3.org\/2000\/svg\" viewbox=\"0 0 1000 100\" preserveaspectratio=\"none\">\n\t<path class=\"elementor-shape-fill\" opacity=\"0.33\" d=\"M473,67.3c-203.9,88.3-263.1-34-320.3,0C66,119.1,0,59.7,0,59.7V0h1000v59.7 c0,0-62.1,26.1-94.9,29.3c-32.8,3.3-62.8-12.3-75.8-22.1C806,49.6,745.3,8.7,694.9,4.7S492.4,59,473,67.3z\"\/>\n\t<path class=\"elementor-shape-fill\" opacity=\"0.66\" d=\"M734,67.3c-45.5,0-77.2-23.2-129.1-39.1c-28.6-8.7-150.3-10.1-254,39.1 s-91.7-34.4-149.2,0C115.7,118.3,0,39.8,0,39.8V0h1000v36.5c0,0-28.2-18.5-92.1-18.5C810.2,18.1,775.7,67.3,734,67.3z\"\/>\n\t<path class=\"elementor-shape-fill\" d=\"M766.1,28.9c-200-57.5-266,65.5-395.1,19.5C242,1.8,242,5.4,184.8,20.6C128,35.8,132.3,44.9,89.9,52.5C28.6,63.7,0,0,0,0 h1000c0,0-9.9,40.9-83.6,48.1S829.6,47,766.1,28.9z\"\/>\n<\/svg>\t\t<\/div>\n\t\t\t\t\t<div class=\"elementor-container elementor-column-gap-default\">\n\t\t\t\t\t<div class=\"elementor-column elementor-col-100 elementor-top-column elementor-element elementor-element-41338a2\" data-id=\"41338a2\" data-element_type=\"column\">\n\t\t\t<div class=\"elementor-widget-wrap elementor-element-populated\">\n\t\t\t\t\t\t<section class=\"elementor-section elementor-inner-section elementor-element elementor-element-c0c9ec0 elementor-section-boxed elementor-section-height-default elementor-section-height-default\" data-id=\"c0c9ec0\" data-element_type=\"section\">\n\t\t\t\t\t\t<div class=\"elementor-container elementor-column-gap-default\">\n\t\t\t\t\t<div class=\"elementor-column elementor-col-100 elementor-inner-column elementor-element elementor-element-69bad87\" data-id=\"69bad87\" data-element_type=\"column\">\n\t\t\t<div class=\"elementor-widget-wrap elementor-element-populated\">\n\t\t\t\t\t\t<div class=\"elementor-element elementor-element-f34894f elementor-widget elementor-widget-spacer\" data-id=\"f34894f\" data-element_type=\"widget\" data-widget_type=\"spacer.default\">\n\t\t\t\t<div class=\"elementor-widget-container\">\n\t\t\t\t\t\t\t<div class=\"elementor-spacer\">\n\t\t\t<div class=\"elementor-spacer-inner\"><\/div>\n\t\t<\/div>\n\t\t\t\t\t\t<\/div>\n\t\t\t\t<\/div>\n\t\t\t\t<div class=\"elementor-element elementor-element-99974e1 elementor-widget elementor-widget-heading\" data-id=\"99974e1\" data-element_type=\"widget\" data-widget_type=\"heading.default\">\n\t\t\t\t<div class=\"elementor-widget-container\">\n\t\t\t\t\t<h2 class=\"elementor-heading-title elementor-size-default\">What is Meta ?<\/h2>\t\t\t\t<\/div>\n\t\t\t\t<\/div>\n\t\t\t\t<div class=\"elementor-element elementor-element-e3db86d elementor-widget elementor-widget-text-editor\" data-id=\"e3db86d\" data-element_type=\"widget\" data-widget_type=\"text-editor.default\">\n\t\t\t\t<div class=\"elementor-widget-container\">\n\t\t\t\t\t\t\t\t\tMeta can be our Goal, that of returning to the Essence of who we truly are. It is the Vibration of Love that is experienced beyond the mind and therefore beliefs, projections and operating patterns. It is an intention of the heart naturally present in everyone.\t\t\t\t\t\t\t\t<\/div>\n\t\t\t\t<\/div>\n\t\t\t\t<div class=\"elementor-element elementor-element-f7061f2 elementor-widget elementor-widget-text-editor\" data-id=\"f7061f2\" data-element_type=\"widget\" data-widget_type=\"text-editor.default\">\n\t\t\t\t<div class=\"elementor-widget-container\">\n\t\t\t\t\t\t\t\t\tVivre cet \u00e9tat d&rsquo;\u00catre nous am\u00e8ne \u00e0 plus de conscience dans notre travail, elle nous ouvre \u00e0 une autre vision et \u00e0 un grandissement sans limite.\t\t\t\t\t\t\t\t<\/div>\n\t\t\t\t<\/div>\n\t\t\t\t<div class=\"elementor-element elementor-element-bdaac69 elementor-widget elementor-widget-spacer\" data-id=\"bdaac69\" data-element_type=\"widget\" data-widget_type=\"spacer.default\">\n\t\t\t\t<div class=\"elementor-widget-container\">\n\t\t\t\t\t\t\t<div class=\"elementor-spacer\">\n\t\t\t<div class=\"elementor-spacer-inner\"><\/div>\n\t\t<\/div>\n\t\t\t\t\t\t<\/div>\n\t\t\t\t<\/div>\n\t\t\t\t\t<\/div>\n\t\t<\/div>\n\t\t\t\t\t<\/div>\n\t\t<\/section>\n\t\t\t\t<section class=\"elementor-section elementor-inner-section elementor-element elementor-element-38854b6 elementor-section-boxed elementor-section-height-default elementor-section-height-default\" data-id=\"38854b6\" data-element_type=\"section\">\n\t\t\t\t\t\t<div class=\"elementor-container elementor-column-gap-default\">\n\t\t\t\t\t<div class=\"elementor-column elementor-col-100 elementor-inner-column elementor-element elementor-element-7db88b3\" data-id=\"7db88b3\" data-element_type=\"column\">\n\t\t\t<div class=\"elementor-widget-wrap elementor-element-populated\">\n\t\t\t\t\t\t<div class=\"elementor-element elementor-element-0aceb23 elementor-widget elementor-widget-heading\" data-id=\"0aceb23\" data-element_type=\"widget\" data-widget_type=\"heading.default\">\n\t\t\t\t<div class=\"elementor-widget-container\">\n\t\t\t\t\t<h2 class=\"elementor-heading-title elementor-size-default\">\" Living in Meta means regaining your individual balance to move towards stability and collective harmony. \u201d<\/h2>\t\t\t\t<\/div>\n\t\t\t\t<\/div>\n\t\t\t\t\t<\/div>\n\t\t<\/div>\n\t\t\t\t\t<\/div>\n\t\t<\/section>\n\t\t\t\t\t<\/div>\n\t\t<\/div>\n\t\t\t\t\t<\/div>\n\t\t<\/section>\n\t\t\t\t<section class=\"elementor-section elementor-top-section elementor-element elementor-element-3a47781 elementor-section-boxed elementor-section-height-default elementor-section-height-default\" data-id=\"3a47781\" data-element_type=\"section\" data-settings=\"{&quot;shape_divider_top&quot;:&quot;mountains&quot;}\">\n\t\t\t\t\t<div class=\"elementor-shape elementor-shape-top\" aria-hidden=\"true\" data-negative=\"false\">\n\t\t\t<svg xmlns=\"http:\/\/www.w3.org\/2000\/svg\" viewbox=\"0 0 1000 100\" preserveaspectratio=\"none\">\n\t<path class=\"elementor-shape-fill\" opacity=\"0.33\" d=\"M473,67.3c-203.9,88.3-263.1-34-320.3,0C66,119.1,0,59.7,0,59.7V0h1000v59.7 c0,0-62.1,26.1-94.9,29.3c-32.8,3.3-62.8-12.3-75.8-22.1C806,49.6,745.3,8.7,694.9,4.7S492.4,59,473,67.3z\"\/>\n\t<path class=\"elementor-shape-fill\" opacity=\"0.66\" d=\"M734,67.3c-45.5,0-77.2-23.2-129.1-39.1c-28.6-8.7-150.3-10.1-254,39.1 s-91.7-34.4-149.2,0C115.7,118.3,0,39.8,0,39.8V0h1000v36.5c0,0-28.2-18.5-92.1-18.5C810.2,18.1,775.7,67.3,734,67.3z\"\/>\n\t<path class=\"elementor-shape-fill\" d=\"M766.1,28.9c-200-57.5-266,65.5-395.1,19.5C242,1.8,242,5.4,184.8,20.6C128,35.8,132.3,44.9,89.9,52.5C28.6,63.7,0,0,0,0 h1000c0,0-9.9,40.9-83.6,48.1S829.6,47,766.1,28.9z\"\/>\n<\/svg>\t\t<\/div>\n\t\t\t\t\t<div class=\"elementor-container elementor-column-gap-default\">\n\t\t\t\t\t<div class=\"elementor-column elementor-col-100 elementor-top-column elementor-element elementor-element-237ac34\" data-id=\"237ac34\" data-element_type=\"column\">\n\t\t\t<div class=\"elementor-widget-wrap elementor-element-populated\">\n\t\t\t\t\t\t<div class=\"elementor-element elementor-element-1d228d3 elementor-widget elementor-widget-spacer\" data-id=\"1d228d3\" data-element_type=\"widget\" data-widget_type=\"spacer.default\">\n\t\t\t\t<div class=\"elementor-widget-container\">\n\t\t\t\t\t\t\t<div class=\"elementor-spacer\">\n\t\t\t<div class=\"elementor-spacer-inner\"><\/div>\n\t\t<\/div>\n\t\t\t\t\t\t<\/div>\n\t\t\t\t<\/div>\n\t\t\t\t\t<\/div>\n\t\t<\/div>\n\t\t\t\t\t<\/div>\n\t\t<\/section>\n\t\t\t\t<\/div>","protected":false},"excerpt":{"rendered":"<p>Notre vie est intimement li\u00e9e \u00e0 nos comportements, \u00e0 nos pens\u00e9es, \u00e0 nos prises de conscience et \u00e0 nos actions. C&rsquo;est pourquoi l\u2019\u00c9thique de la Meta Entreprise\u00ae rassemble des valeurs humaines profond\u00e9ment habit\u00e9es, fruit d&rsquo;un travail conscient sur ce que nous sommes et ce que nous faisons. Chaque individu \u00e9tant [&hellip;]<\/p>","protected":false},"author":1,"featured_media":0,"parent":0,"menu_order":0,"comment_status":"closed","ping_status":"closed","template":"page-templates\/template-pagebuilder-full-width.php","meta":{"footnotes":""},"class_list":["post-8637","page","type-page","status-publish","hentry"],"yoast_head":"<!-- This site is optimized with the Yoast SEO plugin v26.3 - https:\/\/yoast.com\/wordpress\/plugins\/seo\/ -->\n<title>\u00c9thique - Meta Entreprise<\/title>\n<meta name=\"robots\" content=\"index, follow, max-snippet:-1, max-image-preview:large, max-video-preview:-1\" \/>\n<link rel=\"canonical\" href=\"https:\/\/www.meta-entreprise.org\/en\/ethique\/\" \/>\n<meta property=\"og:locale\" content=\"en_GB\" \/>\n<meta property=\"og:type\" content=\"article\" \/>\n<meta property=\"og:title\" content=\"\u00c9thique - Meta Entreprise\" \/>\n<meta property=\"og:description\" content=\"Notre vie est intimement li\u00e9e \u00e0 nos comportements, \u00e0 nos pens\u00e9es, \u00e0 nos prises de conscience et \u00e0 nos actions. C&rsquo;est pourquoi l\u2019\u00c9thique de la Meta Entreprise\u00ae rassemble des valeurs humaines profond\u00e9ment habit\u00e9es, fruit d&rsquo;un travail conscient sur ce que nous sommes et ce que nous faisons. Chaque individu \u00e9tant [&hellip;]\" \/>\n<meta property=\"og:url\" content=\"https:\/\/www.meta-entreprise.org\/en\/ethique\/\" \/>\n<meta property=\"og:site_name\" content=\"Meta Entreprise\" \/>\n<meta property=\"article:modified_time\" content=\"2025-05-08T08:04:06+00:00\" \/>\n<meta property=\"og:image\" content=\"https:\/\/www.meta-entreprise.org\/wp-content\/uploads\/2024\/11\/Ethique_Titre_OK.png\" \/>\n\t<meta property=\"og:image:width\" content=\"2923\" \/>\n\t<meta property=\"og:image:height\" content=\"409\" \/>\n\t<meta property=\"og:image:type\" content=\"image\/png\" \/>\n<meta name=\"twitter:card\" content=\"summary_large_image\" \/>\n<meta name=\"twitter:label1\" content=\"Estimated reading time\" \/>\n\t<meta name=\"twitter:data1\" content=\"2 minutes\" \/>\n<script type=\"application\/ld+json\" class=\"yoast-schema-graph\">{\"@context\":\"https:\/\/schema.org\",\"@graph\":[{\"@type\":\"WebPage\",\"@id\":\"https:\/\/www.meta-entreprise.org\/ethique\/\",\"url\":\"https:\/\/www.meta-entreprise.org\/ethique\/\",\"name\":\"\u00c9thique - Meta Entreprise\",\"isPartOf\":{\"@id\":\"https:\/\/www.meta-entreprise.org\/#website\"},\"primaryImageOfPage\":{\"@id\":\"https:\/\/www.meta-entreprise.org\/ethique\/#primaryimage\"},\"image\":{\"@id\":\"https:\/\/www.meta-entreprise.org\/ethique\/#primaryimage\"},\"thumbnailUrl\":\"https:\/\/www.meta-entreprise.org\/wp-content\/uploads\/2024\/11\/Ethique_Titre_OK.png\",\"datePublished\":\"2024-10-27T11:14:20+00:00\",\"dateModified\":\"2025-05-08T08:04:06+00:00\",\"breadcrumb\":{\"@id\":\"https:\/\/www.meta-entreprise.org\/ethique\/#breadcrumb\"},\"inLanguage\":\"en-GB\",\"potentialAction\":[{\"@type\":\"ReadAction\",\"target\":[\"https:\/\/www.meta-entreprise.org\/ethique\/\"]}]},{\"@type\":\"ImageObject\",\"inLanguage\":\"en-GB\",\"@id\":\"https:\/\/www.meta-entreprise.org\/ethique\/#primaryimage\",\"url\":\"https:\/\/www.meta-entreprise.org\/wp-content\/uploads\/2024\/11\/Ethique_Titre_OK.png\",\"contentUrl\":\"https:\/\/www.meta-entreprise.org\/wp-content\/uploads\/2024\/11\/Ethique_Titre_OK.png\"},{\"@type\":\"BreadcrumbList\",\"@id\":\"https:\/\/www.meta-entreprise.org\/ethique\/#breadcrumb\",\"itemListElement\":[{\"@type\":\"ListItem\",\"position\":1,\"name\":\"Accueil\",\"item\":\"https:\/\/www.meta-entreprise.org\/\"},{\"@type\":\"ListItem\",\"position\":2,\"name\":\"\u00c9thique\"}]},{\"@type\":\"WebSite\",\"@id\":\"https:\/\/www.meta-entreprise.org\/#website\",\"url\":\"https:\/\/www.meta-entreprise.org\/\",\"name\":\"Meta Entreprise\",\"description\":\"C&#039;est en remettant les hommes au coeur des entreprises que celles-ci pourront contribuer \u00e0 la cr\u00e9ation d&#039;une soci\u00e9t\u00e9 nouvelle.\",\"publisher\":{\"@id\":\"https:\/\/www.meta-entreprise.org\/#organization\"},\"potentialAction\":[{\"@type\":\"SearchAction\",\"target\":{\"@type\":\"EntryPoint\",\"urlTemplate\":\"https:\/\/www.meta-entreprise.org\/?s={search_term_string}\"},\"query-input\":{\"@type\":\"PropertyValueSpecification\",\"valueRequired\":true,\"valueName\":\"search_term_string\"}}],\"inLanguage\":\"en-GB\"},{\"@type\":\"Organization\",\"@id\":\"https:\/\/www.meta-entreprise.org\/#organization\",\"name\":\"Meta Entreprise\",\"url\":\"https:\/\/www.meta-entreprise.org\/\",\"logo\":{\"@type\":\"ImageObject\",\"inLanguage\":\"en-GB\",\"@id\":\"https:\/\/www.meta-entreprise.org\/#\/schema\/logo\/image\/\",\"url\":\"https:\/\/www.meta-entreprise.org\/wp-content\/uploads\/2022\/03\/cropped-cropped-LOGO-header2.png\",\"contentUrl\":\"https:\/\/www.meta-entreprise.org\/wp-content\/uploads\/2022\/03\/cropped-cropped-LOGO-header2.png\",\"width\":1319,\"height\":377,\"caption\":\"Meta Entreprise\"},\"image\":{\"@id\":\"https:\/\/www.meta-entreprise.org\/#\/schema\/logo\/image\/\"}}]}<\/script>\n<!-- \/ Yoast SEO plugin. -->","yoast_head_json":{"title":"\u00c9thique - Meta Entreprise","robots":{"index":"index","follow":"follow","max-snippet":"max-snippet:-1","max-image-preview":"max-image-preview:large","max-video-preview":"max-video-preview:-1"},"canonical":"https:\/\/www.meta-entreprise.org\/en\/ethique\/","og_locale":"en_GB","og_type":"article","og_title":"\u00c9thique - Meta Entreprise","og_description":"Notre vie est intimement li\u00e9e \u00e0 nos comportements, \u00e0 nos pens\u00e9es, \u00e0 nos prises de conscience et \u00e0 nos actions. C&rsquo;est pourquoi l\u2019\u00c9thique de la Meta Entreprise\u00ae rassemble des valeurs humaines profond\u00e9ment habit\u00e9es, fruit d&rsquo;un travail conscient sur ce que nous sommes et ce que nous faisons. Chaque individu \u00e9tant [&hellip;]","og_url":"https:\/\/www.meta-entreprise.org\/en\/ethique\/","og_site_name":"Meta Entreprise","article_modified_time":"2025-05-08T08:04:06+00:00","og_image":[{"width":2923,"height":409,"url":"https:\/\/www.meta-entreprise.org\/wp-content\/uploads\/2024\/11\/Ethique_Titre_OK.png","type":"image\/png"}],"twitter_card":"summary_large_image","twitter_misc":{"Estimated reading time":"2 minutes"},"schema":{"@context":"https:\/\/schema.org","@graph":[{"@type":"WebPage","@id":"https:\/\/www.meta-entreprise.org\/ethique\/","url":"https:\/\/www.meta-entreprise.org\/ethique\/","name":"\u00c9thique - Meta Entreprise","isPartOf":{"@id":"https:\/\/www.meta-entreprise.org\/#website"},"primaryImageOfPage":{"@id":"https:\/\/www.meta-entreprise.org\/ethique\/#primaryimage"},"image":{"@id":"https:\/\/www.meta-entreprise.org\/ethique\/#primaryimage"},"thumbnailUrl":"https:\/\/www.meta-entreprise.org\/wp-content\/uploads\/2024\/11\/Ethique_Titre_OK.png","datePublished":"2024-10-27T11:14:20+00:00","dateModified":"2025-05-08T08:04:06+00:00","breadcrumb":{"@id":"https:\/\/www.meta-entreprise.org\/ethique\/#breadcrumb"},"inLanguage":"en-GB","potentialAction":[{"@type":"ReadAction","target":["https:\/\/www.meta-entreprise.org\/ethique\/"]}]},{"@type":"ImageObject","inLanguage":"en-GB","@id":"https:\/\/www.meta-entreprise.org\/ethique\/#primaryimage","url":"https:\/\/www.meta-entreprise.org\/wp-content\/uploads\/2024\/11\/Ethique_Titre_OK.png","contentUrl":"https:\/\/www.meta-entreprise.org\/wp-content\/uploads\/2024\/11\/Ethique_Titre_OK.png"},{"@type":"BreadcrumbList","@id":"https:\/\/www.meta-entreprise.org\/ethique\/#breadcrumb","itemListElement":[{"@type":"ListItem","position":1,"name":"Accueil","item":"https:\/\/www.meta-entreprise.org\/"},{"@type":"ListItem","position":2,"name":"\u00c9thique"}]},{"@type":"WebSite","@id":"https:\/\/www.meta-entreprise.org\/#website","url":"https:\/\/www.meta-entreprise.org\/","name":"Meta Entreprise","description":"C&#039;est en remettant les hommes au coeur des entreprises que celles-ci pourront contribuer \u00e0 la cr\u00e9ation d&#039;une soci\u00e9t\u00e9 nouvelle.","publisher":{"@id":"https:\/\/www.meta-entreprise.org\/#organization"},"potentialAction":[{"@type":"SearchAction","target":{"@type":"EntryPoint","urlTemplate":"https:\/\/www.meta-entreprise.org\/?s={search_term_string}"},"query-input":{"@type":"PropertyValueSpecification","valueRequired":true,"valueName":"search_term_string"}}],"inLanguage":"en-GB"},{"@type":"Organization","@id":"https:\/\/www.meta-entreprise.org\/#organization","name":"Meta Entreprise","url":"https:\/\/www.meta-entreprise.org\/","logo":{"@type":"ImageObject","inLanguage":"en-GB","@id":"https:\/\/www.meta-entreprise.org\/#\/schema\/logo\/image\/","url":"https:\/\/www.meta-entreprise.org\/wp-content\/uploads\/2022\/03\/cropped-cropped-LOGO-header2.png","contentUrl":"https:\/\/www.meta-entreprise.org\/wp-content\/uploads\/2022\/03\/cropped-cropped-LOGO-header2.png","width":1319,"height":377,"caption":"Meta Entreprise"},"image":{"@id":"https:\/\/www.meta-entreprise.org\/#\/schema\/logo\/image\/"}}]}},"_links":{"self":[{"href":"https:\/\/www.meta-entreprise.org\/en\/wp-json\/wp\/v2\/pages\/8637","targetHints":{"allow":["GET"]}}],"collection":[{"href":"https:\/\/www.meta-entreprise.org\/en\/wp-json\/wp\/v2\/pages"}],"about":[{"href":"https:\/\/www.meta-entreprise.org\/en\/wp-json\/wp\/v2\/types\/page"}],"author":[{"embeddable":true,"href":"https:\/\/www.meta-entreprise.org\/en\/wp-json\/wp\/v2\/users\/1"}],"replies":[{"embeddable":true,"href":"https:\/\/www.meta-entreprise.org\/en\/wp-json\/wp\/v2\/comments?post=8637"}],"version-history":[{"count":153,"href":"https:\/\/www.meta-entreprise.org\/en\/wp-json\/wp\/v2\/pages\/8637\/revisions"}],"predecessor-version":[{"id":9944,"href":"https:\/\/www.meta-entreprise.org\/en\/wp-json\/wp\/v2\/pages\/8637\/revisions\/9944"}],"wp:attachment":[{"href":"https:\/\/www.meta-entreprise.org\/en\/wp-json\/wp\/v2\/media?parent=8637"}],"curies":[{"name":"wp","href":"https:\/\/api.w.org\/{rel}","templated":true}]}}